{"id":21,"date":"2021-08-26T12:07:38","date_gmt":"2021-08-26T10:07:38","guid":{"rendered":"http:\/\/daivahbienetre.fr\/?page_id=21"},"modified":"2021-11-30T12:02:43","modified_gmt":"2021-11-30T11:02:43","slug":"accueil","status":"publish","type":"page","link":"https:\/\/daivahbienetre.fr\/","title":{"rendered":"Hypnose et Coaching 44"},"content":{"rendered":"\n<div class=\"wp-block-image is-style-rounded\"><figure class=\"aligncenter size-medium\"><img loading=\"lazy\" width=\"300\" height=\"227\" src=\"https:\/\/daivahbienetre.fr\/wp-content\/uploads\/2021\/11\/photo-moi-WEB-1-300x227.jpg\" alt=\"Praticienne en hypnose et coach de vie certifi\u00e9e 44\" class=\"wp-image-75\" srcset=\"https:\/\/daivahbienetre.fr\/wp-content\/uploads\/2021\/11\/photo-moi-WEB-1-300x227.jpg 300w, https:\/\/daivahbienetre.fr\/wp-content\/uploads\/2021\/11\/photo-moi-WEB-1-768x580.jpg 768w, https:\/\/daivahbienetre.fr\/wp-content\/uploads\/2021\/11\/photo-moi-WEB-1.jpg 814w\" sizes=\"(max-width: 300px) 100vw, 300px\" \/><\/figure><\/div>\n\n\n\n<p>Praticienne en hypnose certifi\u00e9e (\u00e9cole d&rsquo;hypnose de Paris) et coach de vie certifi\u00e9e (\u00e9cole fran\u00e7aise du coaching), je vous propose des s\u00e9ances personnalis\u00e9es et individuelles, dans le respect de vos aspirations. <\/p>\n\n\n\n<p>Quel que soit votre probl\u00e9matique je vous accompagne \u00e0 trouver les solutions qui sont en vous.<\/p>\n\n\n\n<p>Je vous re\u00e7ois \u00e0 mon cabinet situ\u00e9 \u00e0 Cordemais 44 (pr\u00e8s de Nantes\/Saint-Nazaire) sur rendez-vous.<\/p>\n\n\n\n<figure class=\"wp-block-gallery columns-2 is-cropped\"><ul class=\"blocks-gallery-grid\"><li class=\"blocks-gallery-item\"><figure><img loading=\"lazy\" width=\"1024\" height=\"768\" src=\"https:\/\/daivahbienetre.fr\/wp-content\/uploads\/2021\/11\/cabinet-1-1024x768.jpg\" alt=\"\" data-id=\"123\" data-link=\"https:\/\/daivahbienetre.fr\/index.php\/accueil\/dav-3\/\" class=\"wp-image-123\" srcset=\"https:\/\/daivahbienetre.fr\/wp-content\/uploads\/2021\/11\/cabinet-1-1024x768.jpg 1024w, https:\/\/daivahbienetre.fr\/wp-content\/uploads\/2021\/11\/cabinet-1-300x225.jpg 300w, https:\/\/daivahbienetre.fr\/wp-content\/uploads\/2021\/11\/cabinet-1-768x576.jpg 768w, https:\/\/daivahbienetre.fr\/wp-content\/uploads\/2021\/11\/cabinet-1-1536x1152.jpg 1536w, https:\/\/daivahbienetre.fr\/wp-content\/uploads\/2021\/11\/cabinet-1-2048x1536.jpg 2048w\" sizes=\"(max-width: 767px) 89vw, (max-width: 1000px) 54vw, (max-width: 1071px) 543px, 580px\" \/><\/figure><\/li><li class=\"blocks-gallery-item\"><figure><img loading=\"lazy\" width=\"1024\" height=\"742\" src=\"https:\/\/daivahbienetre.fr\/wp-content\/uploads\/2021\/11\/cabinet-2-1024x742.jpg\" alt=\"\" data-id=\"124\" data-link=\"https:\/\/daivahbienetre.fr\/index.php\/accueil\/dav-4\/\" class=\"wp-image-124\" srcset=\"https:\/\/daivahbienetre.fr\/wp-content\/uploads\/2021\/11\/cabinet-2-1024x742.jpg 1024w, https:\/\/daivahbienetre.fr\/wp-content\/uploads\/2021\/11\/cabinet-2-300x218.jpg 300w, https:\/\/daivahbienetre.fr\/wp-content\/uploads\/2021\/11\/cabinet-2-768x557.jpg 768w, https:\/\/daivahbienetre.fr\/wp-content\/uploads\/2021\/11\/cabinet-2-1536x1114.jpg 1536w, https:\/\/daivahbienetre.fr\/wp-content\/uploads\/2021\/11\/cabinet-2-2048x1485.jpg 2048w\" sizes=\"(max-width: 767px) 89vw, (max-width: 1000px) 54vw, (max-width: 1071px) 543px, 580px\" \/><\/figure><\/li><\/ul><\/figure>\n\n\n\n<h2 class=\"has-light-green-cyan-color has-text-color\"><strong>L&rsquo;hypnose pour vous aider<\/strong><\/h2>\n\n\n\n<blockquote class=\"wp-block-quote\"><p>\u00ab&nbsp;FAITES CONFIANCE \u00c0 VOTRE INCONSCIENT, CET IMMENSE MAGASIN DE SOLUTIONS \u00bb MILTON ERICKSON<\/p><cite>Milton Erickson<\/cite><\/blockquote>\n\n\n\n<h4 class=\"has-text-align-left has-white-background-color has-text-color has-background\" style=\"color:#387059\">L\u2019hypnose permet de reprendre le contr\u00f4le sur un comportement et peut \u00eatre utilis\u00e9e comme outil dans de nombreux domaines. Cet \u00e9tat de d\u00e9tente permet de vous relier \u00e0 votre \u00ab\u00a0biblioth\u00e8que int\u00e9rieure\u00a0\u00bb et d&rsquo;y trouver les solutions qui vous conviennent.<\/h4>\n\n\n\n<h4 class=\"has-text-align-left has-white-background-color has-text-color has-background\" style=\"color:#387059\">Les s\u00e9ances d&rsquo;hypnose ne sont pas rembours\u00e9es par la s\u00e9curit\u00e9 sociale, n\u00e9anmoins certaines mutuelles peuvent les prendre en charge, renseignez-vous aupr\u00e8s de la votre.<\/h4>\n\n\n\n<h4 class=\"has-text-align-left has-white-background-color has-text-color has-background\" style=\"color:#387059\"> Vous trouverez ci-dessous des exemples de situations dans lesquels l&rsquo;hypnose peut vous aider, celle-ci n&rsquo;est pas exhaustive et chaque s\u00e9ance pouvant \u00eatre adapt\u00e9e selon votre besoin:<\/h4>\n\n\n\n<p><\/p>\n\n\n\n<div class=\"wp-container-1 wp-block-group\"><div class=\"wp-block-group__inner-container\">\n<div class=\"wp-block-media-text alignwide is-stacked-on-mobile\" style=\"grid-template-columns:39% auto\"><figure class=\"wp-block-media-text__media\"><img loading=\"lazy\" width=\"300\" height=\"182\" src=\"https:\/\/daivahbienetre.fr\/wp-content\/uploads\/2021\/11\/femme-champs-voile-2-300x182.jpg\" alt=\"hypnose arr\u00eat du tabac 44\" class=\"wp-image-79 size-medium\" srcset=\"https:\/\/daivahbienetre.fr\/wp-content\/uploads\/2021\/11\/femme-champs-voile-2-300x182.jpg 300w, https:\/\/daivahbienetre.fr\/wp-content\/uploads\/2021\/11\/femme-champs-voile-2-768x465.jpg 768w, https:\/\/daivahbienetre.fr\/wp-content\/uploads\/2021\/11\/femme-champs-voile-2.jpg 870w\" sizes=\"(max-width: 300px) 100vw, 300px\" \/><\/figure><div class=\"wp-block-media-text__content\">\n<p class=\"has-white-color has-light-green-cyan-background-color has-text-color has-background has-medium-font-size\">Hypnose                                                            Arr\u00eat du tabac      <\/p>\n<\/div><\/div>\n\n\n\n<p>Les s\u00e9ances d&rsquo;hypnose dans le cadre de l&rsquo;arr\u00eat du tabac permettent de vous aider \u00e0 couper le lien de d\u00e9pendance avec celui-ci et ainsi maximiser vos chances de r\u00e9ussite. Deux s\u00e9ances (\u00e0 quelques semaines d&rsquo;intervalle) sont conseill\u00e9es voir plus selon les profils.<\/p>\n<\/div><\/div>\n\n\n\n<div class=\"wp-block-media-text alignwide is-stacked-on-mobile\" style=\"grid-template-columns:40% auto\"><figure class=\"wp-block-media-text__media\"><img loading=\"lazy\" width=\"300\" height=\"186\" src=\"https:\/\/daivahbienetre.fr\/wp-content\/uploads\/2021\/11\/femme-bras-ouvert-vallee-300x186.jpg\" alt=\"hypnose gu\u00e9rison de l'enfant int\u00e9rieur 44\" class=\"wp-image-80 size-medium\" srcset=\"https:\/\/daivahbienetre.fr\/wp-content\/uploads\/2021\/11\/femme-bras-ouvert-vallee-300x186.jpg 300w, https:\/\/daivahbienetre.fr\/wp-content\/uploads\/2021\/11\/femme-bras-ouvert-vallee-768x476.jpg 768w, https:\/\/daivahbienetre.fr\/wp-content\/uploads\/2021\/11\/femme-bras-ouvert-vallee.jpg 864w\" sizes=\"(max-width: 300px) 100vw, 300px\" \/><\/figure><div class=\"wp-block-media-text__content\">\n<p class=\"has-white-color has-light-green-cyan-background-color has-text-color has-background has-medium-font-size\">Hypnose                                                       Gu\u00e9rison de l&rsquo;enfant int\u00e9rieur<\/p>\n<\/div><\/div>\n\n\n\n<p>Cette s\u00e9ance d&rsquo;hypnose permet de rassurer et r\u00e9conforter votre enfant int\u00e9rieur pour \u00eatre plus en paix avec votre pass\u00e9 et vos blessures qui peuvent interf\u00e9rer dans votre vie actuelle.<\/p>\n\n\n\n<div class=\"wp-block-media-text alignwide is-stacked-on-mobile\" style=\"grid-template-columns:41% auto\"><figure class=\"wp-block-media-text__media\"><img loading=\"lazy\" width=\"300\" height=\"198\" src=\"https:\/\/daivahbienetre.fr\/wp-content\/uploads\/2021\/11\/homme-saute-montagne-300x198.jpg\" alt=\"Hypnose peurs et phobies 44\" class=\"wp-image-81 size-medium\" srcset=\"https:\/\/daivahbienetre.fr\/wp-content\/uploads\/2021\/11\/homme-saute-montagne-300x198.jpg 300w, https:\/\/daivahbienetre.fr\/wp-content\/uploads\/2021\/11\/homme-saute-montagne-768x506.jpg 768w, https:\/\/daivahbienetre.fr\/wp-content\/uploads\/2021\/11\/homme-saute-montagne.jpg 845w\" sizes=\"(max-width: 300px) 100vw, 300px\" \/><\/figure><div class=\"wp-block-media-text__content\">\n<p class=\"has-white-color has-light-green-cyan-background-color has-text-color has-background has-medium-font-size\">Hypnose                            Gestion des  peurs et phobies<\/p>\n<\/div><\/div>\n\n\n\n<p>Quelque soit votre peur ou phobie (animal, situation, avion, eau etc&#8230;) l&rsquo;hypnose permet de vous d\u00e9tendre en douceur et \u00e0 votre rythme face \u00e0 celle-ci pour la rendre plus g\u00e9rable. Plusieurs s\u00e9ances peuvent \u00eatre n\u00e9cessaires selon le degr\u00e9 de peur.<\/p>\n\n\n\n<div class=\"wp-block-media-text alignwide is-stacked-on-mobile\" style=\"grid-template-columns:42% auto\"><figure class=\"wp-block-media-text__media\"><img loading=\"lazy\" width=\"837\" height=\"545\" src=\"https:\/\/daivahbienetre.fr\/wp-content\/uploads\/2021\/11\/femme-brise-chaine.jpg\" alt=\"hypnose d\u00e9pendance 44\" class=\"wp-image-83 size-full\" srcset=\"https:\/\/daivahbienetre.fr\/wp-content\/uploads\/2021\/11\/femme-brise-chaine.jpg 837w, https:\/\/daivahbienetre.fr\/wp-content\/uploads\/2021\/11\/femme-brise-chaine-300x195.jpg 300w, https:\/\/daivahbienetre.fr\/wp-content\/uploads\/2021\/11\/femme-brise-chaine-768x500.jpg 768w\" sizes=\"(max-width: 767px) 89vw, (max-width: 1000px) 54vw, (max-width: 1071px) 543px, 580px\" \/><\/figure><div class=\"wp-block-media-text__content\">\n<p class=\"has-white-color has-light-green-cyan-background-color has-text-color has-background has-medium-font-size\">Hypnose                D\u00e9pendance alimentaire <\/p>\n<\/div><\/div>\n\n\n\n<p>Quand la nourriture devient une habitude compulsive, l&rsquo;hypnose peut vous aider \u00e0 rompre ce conditionnement.<\/p>\n\n\n\n<div class=\"wp-block-media-text alignwide is-stacked-on-mobile\" style=\"grid-template-columns:43% auto\"><figure class=\"wp-block-media-text__media\"><img loading=\"lazy\" width=\"300\" height=\"225\" src=\"https:\/\/daivahbienetre.fr\/wp-content\/uploads\/2021\/11\/photo-Boudha-bougie-300x225.jpg\" alt=\"Hypnose gestion du stress et d\u00e9tente 44\" class=\"wp-image-86 size-medium\" srcset=\"https:\/\/daivahbienetre.fr\/wp-content\/uploads\/2021\/11\/photo-Boudha-bougie-300x225.jpg 300w, https:\/\/daivahbienetre.fr\/wp-content\/uploads\/2021\/11\/photo-Boudha-bougie-1024x768.jpg 1024w, https:\/\/daivahbienetre.fr\/wp-content\/uploads\/2021\/11\/photo-Boudha-bougie-768x576.jpg 768w, https:\/\/daivahbienetre.fr\/wp-content\/uploads\/2021\/11\/photo-Boudha-bougie-1536x1152.jpg 1536w, https:\/\/daivahbienetre.fr\/wp-content\/uploads\/2021\/11\/photo-Boudha-bougie-2048x1536.jpg 2048w\" sizes=\"(max-width: 300px) 100vw, 300px\" \/><\/figure><div class=\"wp-block-media-text__content\">\n<p class=\"has-white-color has-light-green-cyan-background-color has-text-color has-background has-medium-font-size\">Hypnose                           Gestion du stress et d\u00e9tente<\/p>\n<\/div><\/div>\n\n\n\n<p>Pendant les p\u00e9riodes stressantes de votre vie, l&rsquo;hypnose peut vous aider \u00e0 vous reconnecter et \u00e0 vous d\u00e9tendre.<\/p>\n\n\n\n<div class=\"wp-block-media-text alignwide is-stacked-on-mobile\" style=\"grid-template-columns:44% auto\"><figure class=\"wp-block-media-text__media\"><img loading=\"lazy\" width=\"300\" height=\"181\" src=\"https:\/\/daivahbienetre.fr\/wp-content\/uploads\/2021\/11\/nuage-ciel-1-300x181.jpg\" alt=\"hypnose confiance en soi et r\u00e9ussite 44\" class=\"wp-image-87 size-medium\" srcset=\"https:\/\/daivahbienetre.fr\/wp-content\/uploads\/2021\/11\/nuage-ciel-1-300x181.jpg 300w, https:\/\/daivahbienetre.fr\/wp-content\/uploads\/2021\/11\/nuage-ciel-1-768x464.jpg 768w, https:\/\/daivahbienetre.fr\/wp-content\/uploads\/2021\/11\/nuage-ciel-1.jpg 883w\" sizes=\"(max-width: 300px) 100vw, 300px\" \/><\/figure><div class=\"wp-block-media-text__content\">\n<p class=\"has-white-color has-light-green-cyan-background-color has-text-color has-background has-medium-font-size\">Hypnose                   Confiance en soi et r\u00e9ussite<\/p>\n<\/div><\/div>\n\n\n\n<p>Pour se pr\u00e9parer \u00e0 un \u00e9v\u00e9nement marquant et parfois stressant l&rsquo;hypnose peut vous conditionner \u00e0 plus de confiance en vous et \u00e0 visualiser votre r\u00e9ussite.<\/p>\n\n\n\n<h2 class=\"has-light-green-cyan-color has-text-color\"><strong>Le coaching pour atteindre vos objectifs<\/strong><\/h2>\n\n\n\n<blockquote class=\"wp-block-quote\"><p>\u00ab&nbsp;SI POUVEZ LE R\u00caVER, VOUS POUVEZ LE FAIRE \u00bb <\/p><cite>Walt Dysney<\/cite><\/blockquote>\n\n\n\n<div class=\"wp-container-2 wp-block-group\"><div class=\"wp-block-group__inner-container\">\n<h4 class=\"has-text-color\" style=\"color:#387059\">Vous avez un probl\u00e8me qui vous emp\u00eache de vous \u00e9panouir&nbsp;?<\/h4>\n\n\n\n<h4 class=\"has-text-color\" style=\"color:#387059\">Ma mission&nbsp;: r\u00e9veiller l\u2019extraordinaire qui sommeille en vous<\/h4>\n\n\n\n<h4 class=\"has-text-color\" style=\"color:#387059\">Ma conviction&nbsp;: Chaque \u00eatre est unique et magnifique, il ne demande qu\u2019\u00e0 \u00eatre r\u00e9v\u00e9l\u00e9.<\/h4>\n<\/div><\/div>\n\n\n\n<p>Le coaching individuel est un accompagnement pour vous aider \u00e0 atteindre vos objectifs qu\u2019ils soient personnels ou professionnels avec vos propres solutions. Mon but est de vous aider \u00e0 r\u00e9veiller votre plein potentiel et \u00e0 connaitre vos r\u00e9elles aspirations.<\/p>\n\n\n\n<p>Cette d\u00e9marche se diff\u00e9rencie ainsi du conseil, de la th\u00e9rapie, ou encore de la formation puisque l\u2019acteur&nbsp;c\u2019est vous! Il ne s\u2019agit pas d\u2019analyser le pass\u00e9 mais de passer \u00e0 l\u2019action au moment pr\u00e9sent et de r\u00e9soudre votre probl\u00e9matique actuelle avec les solutions qui VOUS conviennent.<\/p>\n\n\n\n<p>Le coaching permet en autre d\u2019apprendre \u00e0 se connaitre, fixer des limites, sortir de sa zone de confort, passer \u00e0 l\u2019action, d\u00e9passer ses croyances, croire en soi pour enfin r\u00e9aliser ses r\u00eaves, prendre du recul, gagner en s\u00e9r\u00e9nit\u00e9, etc.<\/p>\n\n\n\n<p>L\u2019 objectif d\u2019un accompagnement est propre \u00e0 chacun en voici n\u00e9anmoins quelques exemples&nbsp;:<\/p>\n\n\n\n<p><\/p>\n\n\n\n<div class=\"wp-block-media-text alignwide is-stacked-on-mobile\" style=\"grid-template-columns:43% auto\"><figure class=\"wp-block-media-text__media\"><img loading=\"lazy\" width=\"848\" height=\"539\" src=\"https:\/\/daivahbienetre.fr\/wp-content\/uploads\/2021\/11\/Coaching-realiser-ses-reves.jpg\" alt=\"Coaching r\u00e9aliser ses r\u00eaves\" class=\"wp-image-94 size-full\" srcset=\"https:\/\/daivahbienetre.fr\/wp-content\/uploads\/2021\/11\/Coaching-realiser-ses-reves.jpg 848w, https:\/\/daivahbienetre.fr\/wp-content\/uploads\/2021\/11\/Coaching-realiser-ses-reves-300x191.jpg 300w, https:\/\/daivahbienetre.fr\/wp-content\/uploads\/2021\/11\/Coaching-realiser-ses-reves-768x488.jpg 768w\" sizes=\"(max-width: 767px) 89vw, (max-width: 1000px) 54vw, (max-width: 1071px) 543px, 580px\" \/><\/figure><div class=\"wp-block-media-text__content\">\n<p class=\"has-white-color has-light-green-cyan-background-color has-text-color has-background has-medium-font-size\">Coaching                        R\u00e9aliser un projet<\/p>\n<\/div><\/div>\n\n\n\n<div class=\"wp-block-media-text alignwide is-stacked-on-mobile\" style=\"grid-template-columns:43% auto\"><figure class=\"wp-block-media-text__media\"><img loading=\"lazy\" width=\"865\" height=\"536\" src=\"https:\/\/daivahbienetre.fr\/wp-content\/uploads\/2021\/11\/Coaching-ameliorer-ses-relations.jpg\" alt=\"coaching relations sereine 44\" class=\"wp-image-95 size-full\" srcset=\"https:\/\/daivahbienetre.fr\/wp-content\/uploads\/2021\/11\/Coaching-ameliorer-ses-relations.jpg 865w, https:\/\/daivahbienetre.fr\/wp-content\/uploads\/2021\/11\/Coaching-ameliorer-ses-relations-300x186.jpg 300w, https:\/\/daivahbienetre.fr\/wp-content\/uploads\/2021\/11\/Coaching-ameliorer-ses-relations-768x476.jpg 768w\" sizes=\"(max-width: 767px) 89vw, (max-width: 1000px) 54vw, (max-width: 1071px) 543px, 580px\" \/><\/figure><div class=\"wp-block-media-text__content\">\n<p class=\"has-white-color has-light-green-cyan-background-color has-text-color has-background has-medium-font-size\">Coaching                              Vivre des relations sereines<\/p>\n<\/div><\/div>\n\n\n\n<div class=\"wp-block-media-text alignwide is-stacked-on-mobile\" style=\"grid-template-columns:44% auto\"><figure class=\"wp-block-media-text__media\"><img loading=\"lazy\" width=\"852\" height=\"545\" src=\"https:\/\/daivahbienetre.fr\/wp-content\/uploads\/2021\/11\/Coaching-sepanouir-professionelement.jpg\" alt=\"coaching relations \u00e9panouissement professionnel 44\" class=\"wp-image-96 size-full\" srcset=\"https:\/\/daivahbienetre.fr\/wp-content\/uploads\/2021\/11\/Coaching-sepanouir-professionelement.jpg 852w, https:\/\/daivahbienetre.fr\/wp-content\/uploads\/2021\/11\/Coaching-sepanouir-professionelement-300x192.jpg 300w, https:\/\/daivahbienetre.fr\/wp-content\/uploads\/2021\/11\/Coaching-sepanouir-professionelement-768x491.jpg 768w\" sizes=\"(max-width: 767px) 89vw, (max-width: 1000px) 54vw, (max-width: 1071px) 543px, 580px\" \/><\/figure><div class=\"wp-block-media-text__content\">\n<p class=\"has-white-color has-light-green-cyan-background-color has-text-color has-background has-medium-font-size\">Coaching   Epanouissement professionnel<\/p>\n<\/div><\/div>\n","protected":false},"excerpt":{"rendered":"<p>Praticienne en hypnose certifi\u00e9e (\u00e9cole d&rsquo;hypnose de Paris) et coach de vie certifi\u00e9e (\u00e9cole fran\u00e7aise du coaching), je vous propose des s\u00e9ances personnalis\u00e9es et individuelles, dans le respect de vos aspirations. Quel que soit votre probl\u00e9matique je vous accompagne \u00e0 trouver les solutions qui sont en vous. Je vous re\u00e7ois \u00e0 mon cabinet situ\u00e9 \u00e0 &hellip; <\/p>\n<p class=\"link-more\"><a href=\"https:\/\/daivahbienetre.fr\/\" class=\"more-link\">Continuer la lecture<span class=\"screen-reader-text\"> de &laquo;&nbsp;Hypnose et Coaching 44&nbsp;&raquo;<\/span><\/a><\/p>\n","protected":false},"author":1,"featured_media":0,"parent":0,"menu_order":0,"comment_status":"closed","ping_status":"closed","template":"","meta":[],"aioseo_notices":[],"_links":{"self":[{"href":"https:\/\/daivahbienetre.fr\/index.php\/wp-json\/wp\/v2\/pages\/21"}],"collection":[{"href":"https:\/\/daivahbienetre.fr\/index.php\/wp-json\/wp\/v2\/pages"}],"about":[{"href":"https:\/\/daivahbienetre.fr\/index.php\/wp-json\/wp\/v2\/types\/page"}],"author":[{"embeddable":true,"href":"https:\/\/daivahbienetre.fr\/index.php\/wp-json\/wp\/v2\/users\/1"}],"replies":[{"embeddable":true,"href":"https:\/\/daivahbienetre.fr\/index.php\/wp-json\/wp\/v2\/comments?post=21"}],"version-history":[{"count":33,"href":"https:\/\/daivahbienetre.fr\/index.php\/wp-json\/wp\/v2\/pages\/21\/revisions"}],"predecessor-version":[{"id":139,"href":"https:\/\/daivahbienetre.fr\/index.php\/wp-json\/wp\/v2\/pages\/21\/revisions\/139"}],"wp:attachment":[{"href":"https:\/\/daivahbienetre.fr\/index.php\/wp-json\/wp\/v2\/media?parent=21"}],"curies":[{"name":"wp","href":"https:\/\/api.w.org\/{rel}","templated":true}]}}