{"id":2,"date":"2021-08-26T11:26:19","date_gmt":"2021-08-26T09:26:19","guid":{"rendered":"http:\/\/daivahbienetre.fr\/?page_id=2"},"modified":"2021-09-01T10:37:21","modified_gmt":"2021-09-01T08:37:21","slug":"page-d-exemple","status":"publish","type":"page","link":"https:\/\/daivahbienetre.fr\/index.php\/page-d-exemple\/","title":{"rendered":"\u00ab\u00a0SI POUVEZ LE R\u00caVER, VOUS POUVEZ LE FAIRE \u00bb WALT DYSNEY"},"content":{"rendered":"\n<p>Vous avez un probl\u00e8me qui vous emp\u00eache de vous \u00e9panouir&nbsp;?<\/p>\n\n\n\n<p>Ma mission&nbsp;: r\u00e9veiller l\u2019extraordinaire qui sommeille en vous<\/p>\n\n\n\n<p>Ma conviction&nbsp;: Chaque \u00eatre est unique et magnifique, il ne demande qu\u2019\u00e0 \u00eatre r\u00e9v\u00e9l\u00e9.<\/p>\n\n\n\n<p>Le coaching individuel est un accompagnement pour vous aider \u00e0 atteindre vos objectifs qu\u2019ils soient personnels ou professionnels avec vos propres solutions. Mon but est de vous aider \u00e0 r\u00e9veiller votre plein potentiel et \u00e0 connaitre vos r\u00e9elles aspirations.<\/p>\n\n\n\n<p>Cette d\u00e9marche se diff\u00e9rencie ainsi du conseil, de la th\u00e9rapie, ou encore de la formation puisque l\u2019acteur&nbsp;c\u2019est vous! Il ne s\u2019agit pas d\u2019analyser le pass\u00e9 mais de passer \u00e0 l\u2019action au moment pr\u00e9sent et de r\u00e9soudre votre probl\u00e9matique actuelle avec les solutions qui VOUS conviennent.<\/p>\n\n\n\n<p>Le coaching permet en autre d\u2019apprendre \u00e0 se connaitre, fixer des limites, sortir de sa zone de confort, passer \u00e0 l\u2019action, d\u00e9passer ses croyances, croire en soi pour enfin r\u00e9aliser ses r\u00eaves, prendre du recul, gagner en s\u00e9r\u00e9nit\u00e9, etc.<\/p>\n\n\n\n<p>L\u2019 objectif d\u2019un accompagnement est propre \u00e0 chacun en voici n\u00e9anmoins quelques exemples&nbsp;:<\/p>\n\n\n\n<ul><li>S\u2019\u00e9panouir professionnellement<\/li><li>Am\u00e9liorer ses relations (couple, famille, enfants, etc.)<\/li><li>Trouver un sens \u00e0 sa vie<\/li><li>Etre plus organis\u00e9<\/li><li>Avoir confiance en soi<\/li><li>Etre capable de faire des choix<\/li><\/ul>\n","protected":false},"excerpt":{"rendered":"<p>Vous avez un probl\u00e8me qui vous emp\u00eache de vous \u00e9panouir&nbsp;? Ma mission&nbsp;: r\u00e9veiller l\u2019extraordinaire qui sommeille en vous Ma conviction&nbsp;: Chaque \u00eatre est unique et magnifique, il ne demande qu\u2019\u00e0 \u00eatre r\u00e9v\u00e9l\u00e9. Le coaching individuel est un accompagnement pour vous aider \u00e0 atteindre vos objectifs qu\u2019ils soient personnels ou professionnels avec vos propres solutions. Mon &hellip; <\/p>\n<p class=\"link-more\"><a href=\"https:\/\/daivahbienetre.fr\/index.php\/page-d-exemple\/\" class=\"more-link\">Continuer la lecture<span class=\"screen-reader-text\"> de &laquo;&nbsp;\u00ab\u00a0SI POUVEZ LE R\u00caVER, VOUS POUVEZ LE FAIRE \u00bb WALT DYSNEY&nbsp;&raquo;<\/span><\/a><\/p>\n","protected":false},"author":1,"featured_media":0,"parent":0,"menu_order":0,"comment_status":"closed","ping_status":"open","template":"","meta":[],"aioseo_notices":[],"_links":{"self":[{"href":"https:\/\/daivahbienetre.fr\/index.php\/wp-json\/wp\/v2\/pages\/2"}],"collection":[{"href":"https:\/\/daivahbienetre.fr\/index.php\/wp-json\/wp\/v2\/pages"}],"about":[{"href":"https:\/\/daivahbienetre.fr\/index.php\/wp-json\/wp\/v2\/types\/page"}],"author":[{"embeddable":true,"href":"https:\/\/daivahbienetre.fr\/index.php\/wp-json\/wp\/v2\/users\/1"}],"replies":[{"embeddable":true,"href":"https:\/\/daivahbienetre.fr\/index.php\/wp-json\/wp\/v2\/comments?post=2"}],"version-history":[{"count":2,"href":"https:\/\/daivahbienetre.fr\/index.php\/wp-json\/wp\/v2\/pages\/2\/revisions"}],"predecessor-version":[{"id":60,"href":"https:\/\/daivahbienetre.fr\/index.php\/wp-json\/wp\/v2\/pages\/2\/revisions\/60"}],"wp:attachment":[{"href":"https:\/\/daivahbienetre.fr\/index.php\/wp-json\/wp\/v2\/media?parent=2"}],"curies":[{"name":"wp","href":"https:\/\/api.w.org\/{rel}","templated":true}]}}