{"id":15,"date":"2021-08-26T12:07:37","date_gmt":"2021-08-26T10:07:37","guid":{"rendered":"http:\/\/daivahbienetre.fr\/?page_id=15"},"modified":"2022-06-01T15:23:24","modified_gmt":"2022-06-01T13:23:24","slug":"contact","status":"publish","type":"page","link":"https:\/\/daivahbienetre.fr\/index.php\/contact\/","title":{"rendered":"MODALIT\u00c9S DES CONSULTATIONS"},"content":{"rendered":"\n<ul><li><strong>Dur\u00e9e<\/strong><\/li><\/ul>\n\n\n\n<p>Une s\u00e9ance de coaching ou d\u2019hypnose dure environ 45 minutes.<\/p>\n\n\n\n<ul><li><strong>Lieux et modalit\u00e9s<\/strong><\/li><\/ul>\n\n\n\n<p>Les s\u00e9ances d\u2019hypnose ont lieux au cabinet situ\u00e9 \u00e0 Cordemais.<\/p>\n\n\n\n<p>Les s\u00e9ances de coaching peuvent avoir lieux au cabinet \u00e0 Cordemais (conseill\u00e9 pour le premier contact), par t\u00e9l\u00e9phone, ou par visioconf\u00e9rence et en fonction de vos disponibilit\u00e9s\/pr\u00e9f\u00e9rences.<\/p>\n\n\n\n<ul><li><strong>Tarifs<\/strong><\/li><\/ul>\n\n\n\n<p>&nbsp;Tarif normal&nbsp;: 70 euros par s\u00e9ance<\/p>\n\n\n\n<p>Tarif demandeurs d\u2019emploi&nbsp; et \u00e9tudiants&nbsp;: 50 euros (sur pr\u00e9sentation de justificatif de situation)<\/p>\n\n\n\n<p>Pack accompagnement de 5 s\u00e9ances&nbsp;: 50 euros par s\u00e9ance soit un total de 250 euros<\/p>\n\n\n\n<ul><li><strong>Contact&nbsp;<\/strong><\/li><\/ul>\n\n\n\n<p>T\u00e9l\u00e9phone\u00a0: 07.48.12.34.29<\/p>\n\n\n\n<p>Mail&nbsp;:&nbsp;<a href=\"mailto:deva-bien-%C3%AAtre@gmail.com\">daivahbienetre@gmail.com<\/a><\/p>\n","protected":false},"excerpt":{"rendered":"<p>Dur\u00e9e Une s\u00e9ance de coaching ou d\u2019hypnose dure environ 45 minutes. Lieux et modalit\u00e9s Les s\u00e9ances d\u2019hypnose ont lieux au cabinet situ\u00e9 \u00e0 Cordemais. Les s\u00e9ances de coaching peuvent avoir lieux au cabinet \u00e0 Cordemais (conseill\u00e9 pour le premier contact), par t\u00e9l\u00e9phone, ou par visioconf\u00e9rence et en fonction de vos disponibilit\u00e9s\/pr\u00e9f\u00e9rences. Tarifs &nbsp;Tarif normal&nbsp;: 70 &hellip; <\/p>\n<p class=\"link-more\"><a href=\"https:\/\/daivahbienetre.fr\/index.php\/contact\/\" class=\"more-link\">Continuer la lecture<span class=\"screen-reader-text\"> de &laquo;&nbsp;MODALIT\u00c9S DES CONSULTATIONS&nbsp;&raquo;<\/span><\/a><\/p>\n","protected":false},"author":1,"featured_media":0,"parent":0,"menu_order":0,"comment_status":"closed","ping_status":"open","template":"","meta":[],"aioseo_notices":[],"_links":{"self":[{"href":"https:\/\/daivahbienetre.fr\/index.php\/wp-json\/wp\/v2\/pages\/15"}],"collection":[{"href":"https:\/\/daivahbienetre.fr\/index.php\/wp-json\/wp\/v2\/pages"}],"about":[{"href":"https:\/\/daivahbienetre.fr\/index.php\/wp-json\/wp\/v2\/types\/page"}],"author":[{"embeddable":true,"href":"https:\/\/daivahbienetre.fr\/index.php\/wp-json\/wp\/v2\/users\/1"}],"replies":[{"embeddable":true,"href":"https:\/\/daivahbienetre.fr\/index.php\/wp-json\/wp\/v2\/comments?post=15"}],"version-history":[{"count":6,"href":"https:\/\/daivahbienetre.fr\/index.php\/wp-json\/wp\/v2\/pages\/15\/revisions"}],"predecessor-version":[{"id":142,"href":"https:\/\/daivahbienetre.fr\/index.php\/wp-json\/wp\/v2\/pages\/15\/revisions\/142"}],"wp:attachment":[{"href":"https:\/\/daivahbienetre.fr\/index.php\/wp-json\/wp\/v2\/media?parent=15"}],"curies":[{"name":"wp","href":"https:\/\/api.w.org\/{rel}","templated":true}]}}