{"id":14,"date":"2021-08-26T12:07:37","date_gmt":"2021-08-26T10:07:37","guid":{"rendered":"http:\/\/daivahbienetre.fr\/?page_id=14"},"modified":"2021-09-01T10:38:40","modified_gmt":"2021-09-01T08:38:40","slug":"a-propos-de","status":"publish","type":"page","link":"https:\/\/daivahbienetre.fr\/index.php\/a-propos-de\/","title":{"rendered":"\u00ab\u00a0FAITES CONFIANCE \u00c0 VOTRE INCONSCIENT, CET IMMENSE MAGASIN DE SOLUTIONS \u00bb MILTON ERICKSON"},"content":{"rendered":"\n<p>L\u2019hypnose permet de reprendre le contr\u00f4le sur un comportement et peut \u00eatre utilis\u00e9e comme outil dans de nombreux domaines:<\/p>\n\n\n\n<ul><li>Aide \u00e0 l\u2019arr\u00eat du tabac<\/li><li>Troubles alimentaires\/ compulsion<\/li><li>Troubles du sommeil<\/li><li>Stress, angoisse, anxi\u00e9t\u00e9<\/li><li>Peurs irraisonn\u00e9es et phobies<\/li><li>Manque de confiance en soi<\/li><li>Gestion de la douleur<\/li><li>Gestion des \u00e9motions<\/li><li>Pr\u00e9paration aux examens etc\u2026<\/li><\/ul>\n\n\n\n<p>Bien entendu, elle ne remplace en aucun cas une consultation m\u00e9dicale, mais seulement une aide dans votre d\u00e9marche. L\u2019avis d\u2019un professionnel de sant\u00e9 avant toute chose est fortement conseill\u00e9 voir indispensable dans certains cas.<\/p>\n","protected":false},"excerpt":{"rendered":"<p>L\u2019hypnose permet de reprendre le contr\u00f4le sur un comportement et peut \u00eatre utilis\u00e9e comme outil dans de nombreux domaines: Aide \u00e0 l\u2019arr\u00eat du tabac Troubles alimentaires\/ compulsion Troubles du sommeil Stress, angoisse, anxi\u00e9t\u00e9 Peurs irraisonn\u00e9es et phobies Manque de confiance en soi Gestion de la douleur Gestion des \u00e9motions Pr\u00e9paration aux examens etc\u2026 Bien entendu, &hellip; <\/p>\n<p class=\"link-more\"><a href=\"https:\/\/daivahbienetre.fr\/index.php\/a-propos-de\/\" class=\"more-link\">Continuer la lecture<span class=\"screen-reader-text\"> de &laquo;&nbsp;\u00ab\u00a0FAITES CONFIANCE \u00c0 VOTRE INCONSCIENT, CET IMMENSE MAGASIN DE SOLUTIONS \u00bb MILTON ERICKSON&nbsp;&raquo;<\/span><\/a><\/p>\n","protected":false},"author":1,"featured_media":0,"parent":0,"menu_order":0,"comment_status":"closed","ping_status":"open","template":"","meta":[],"aioseo_notices":[],"_links":{"self":[{"href":"https:\/\/daivahbienetre.fr\/index.php\/wp-json\/wp\/v2\/pages\/14"}],"collection":[{"href":"https:\/\/daivahbienetre.fr\/index.php\/wp-json\/wp\/v2\/pages"}],"about":[{"href":"https:\/\/daivahbienetre.fr\/index.php\/wp-json\/wp\/v2\/types\/page"}],"author":[{"embeddable":true,"href":"https:\/\/daivahbienetre.fr\/index.php\/wp-json\/wp\/v2\/users\/1"}],"replies":[{"embeddable":true,"href":"https:\/\/daivahbienetre.fr\/index.php\/wp-json\/wp\/v2\/comments?post=14"}],"version-history":[{"count":4,"href":"https:\/\/daivahbienetre.fr\/index.php\/wp-json\/wp\/v2\/pages\/14\/revisions"}],"predecessor-version":[{"id":62,"href":"https:\/\/daivahbienetre.fr\/index.php\/wp-json\/wp\/v2\/pages\/14\/revisions\/62"}],"wp:attachment":[{"href":"https:\/\/daivahbienetre.fr\/index.php\/wp-json\/wp\/v2\/media?parent=14"}],"curies":[{"name":"wp","href":"https:\/\/api.w.org\/{rel}","templated":true}]}}